{"id":229823,"date":"2024-09-28T19:27:40","date_gmt":"2024-09-28T23:27:40","guid":{"rendered":"https:\/\/atriumconstruction.ca\/?page_id=229823"},"modified":"2024-12-17T09:04:11","modified_gmt":"2024-12-17T13:04:11","slug":"a-propos","status":"publish","type":"page","link":"https:\/\/atriumconstruction.ca\/en\/a-propos\/","title":{"rendered":"About"},"content":{"rendered":"<p>[et_pb_section fb_built=\u00a0\u00bb1&Prime; _builder_version=\u00a0\u00bb4.27.0&Prime; background_enable_color=\u00a0\u00bboff\u00a0\u00bb background_image=\u00a0\u00bbhttps:\/\/atriumconstruction.ca\/wp-content\/uploads\/2024\/12\/banniere_pages_atrium-construction.jpg\u00a0\u00bb height=\u00a0\u00bb450px\u00a0\u00bb custom_padding=\u00a0\u00bb||||true|false\u00a0\u00bb bottom_divider_height=\u00a0\u00bb66px\u00a0\u00bb global_colors_info=\u00a0\u00bb{}\u00a0\u00bb][et_pb_row _builder_version=\u00a0\u00bb4.27.0&Prime; custom_css_free_form=\u00a0\u00bb.selector {||  display: flex;||  align-items: center;||  justify-content: center;||  height: 100%;||}\u00a0\u00bb global_colors_info=\u00a0\u00bb{}\u00a0\u00bb][et_pb_column type=\u00a0\u00bb4_4&Prime; _builder_version=\u00a0\u00bb4.16&Prime; custom_padding=\u00a0\u00bb|||\u00a0\u00bb global_colors_info=\u00a0\u00bb{}\u00a0\u00bb custom_padding__hover=\u00a0\u00bb|||\u00a0\u00bb][et_pb_text _builder_version=\u00a0\u00bb4.27.0&Prime; text_font=\u00a0\u00bbPoppins||||||||\u00a0\u00bb text_font_size=\u00a0\u00bb15px\u00a0\u00bb header_font=\u00a0\u00bbPoppins|600||on|||||\u00a0\u00bb header_text_align=\u00a0\u00bbleft\u00a0\u00bb header_text_color=\u00a0\u00bb#ffffff\u00a0\u00bb header_font_size=\u00a0\u00bb14px\u00a0\u00bb header_line_height=\u00a0\u00bb1.3em\u00a0\u00bb header_font_size_tablet=\u00a0\u00bb\u00a0\u00bb header_font_size_phone=\u00a0\u00bb14px\u00a0\u00bb header_font_size_last_edited=\u00a0\u00bbon|phone\u00a0\u00bb global_colors_info=\u00a0\u00bb{}\u00a0\u00bb]<\/p>\n<h1>GROUPE ATRIUM CONSTRUCTION<\/h1>\n<p>[\/et_pb_text][et_pb_text _builder_version=\u00a0\u00bb4.27.0&Prime; text_font=\u00a0\u00bbNunito||||||||\u00a0\u00bb text_font_size=\u00a0\u00bb15px\u00a0\u00bb header_font=\u00a0\u00bbPoppins|700||on|||||\u00a0\u00bb header_text_align=\u00a0\u00bbleft\u00a0\u00bb header_text_color=\u00a0\u00bb#ffffff\u00a0\u00bb header_font_size=\u00a0\u00bb40px\u00a0\u00bb header_line_height=\u00a0\u00bb1.3em\u00a0\u00bb max_width=\u00a0\u00bb553px\u00a0\u00bb custom_margin=\u00a0\u00bb-28px|||\u00a0\u00bb header_font_size_tablet=\u00a0\u00bb\u00a0\u00bb header_font_size_phone=\u00a0\u00bb25px\u00a0\u00bb header_font_size_last_edited=\u00a0\u00bbon|phone\u00a0\u00bb global_colors_info=\u00a0\u00bb{}\u00a0\u00bb]<\/p>\n<h1>\u00c0 PROPOS<\/h1>\n<p>[\/et_pb_text][et_pb_button button_url=\u00a0\u00bb@ET-DC@eyJkeW5hbWljIjp0cnVlLCJjb250ZW50IjoicG9zdF9saW5rX3VybF9wYWdlIiwic2V0dGluZ3MiOnsicG9zdF9pZCI6IjIyOTgzMSJ9fQ==@\u00a0\u00bb button_text=\u00a0\u00bbSOUMISSION\u00a0\u00bb button_alignment=\u00a0\u00bbleft\u00a0\u00bb _builder_version=\u00a0\u00bb4.27.0&Prime; _dynamic_attributes=\u00a0\u00bbbutton_url\u00a0\u00bb custom_button=\u00a0\u00bbon\u00a0\u00bb button_text_size=\u00a0\u00bb14px\u00a0\u00bb button_text_color=\u00a0\u00bb#FBB81D\u00a0\u00bb button_bg_color=\u00a0\u00bb#FFFFFF\u00a0\u00bb button_border_width=\u00a0\u00bb1px\u00a0\u00bb button_border_color=\u00a0\u00bb#FFFFFF\u00a0\u00bb button_border_radius=\u00a0\u00bb0px\u00a0\u00bb button_letter_spacing=\u00a0\u00bb1px\u00a0\u00bb button_font=\u00a0\u00bbPoppins|600||on|||||\u00a0\u00bb button_use_icon=\u00a0\u00bboff\u00a0\u00bb custom_margin=\u00a0\u00bb||\u00a0\u00bb custom_padding=\u00a0\u00bb17px|30px|17px|30px|true|true\u00a0\u00bb global_colors_info=\u00a0\u00bb{}\u00a0\u00bb button_bg_color__hover_enabled=\u00a0\u00bbon|desktop\u00a0\u00bb button_bg_color__hover=\u00a0\u00bb#FBB81D\u00a0\u00bb button_letter_spacing__hover_enabled=\u00a0\u00bbon\u00a0\u00bb button_letter_spacing__hover=\u00a0\u00bb2px\u00a0\u00bb button_border_color__hover_enabled=\u00a0\u00bbon|hover\u00a0\u00bb button_border_color__hover=\u00a0\u00bb#FBB81D\u00a0\u00bb button_text_color__hover_enabled=\u00a0\u00bbon|desktop\u00a0\u00bb button_text_color__hover=\u00a0\u00bb#FFFFFF\u00a0\u00bb button_bg_enable_color__hover=\u00a0\u00bbon\u00a0\u00bb][\/et_pb_button][\/et_pb_column][\/et_pb_row][\/et_pb_section][et_pb_section fb_built=\u00a0\u00bb1&Prime; custom_padding_last_edited=\u00a0\u00bbon|desktop\u00a0\u00bb _builder_version=\u00a0\u00bb4.27.0&Prime; _module_preset=\u00a0\u00bbdefault\u00a0\u00bb background_color=\u00a0\u00bb#FFFFFF\u00a0\u00bb custom_padding=\u00a0\u00bb60px||60px||true|\u00a0\u00bb custom_padding_tablet=\u00a0\u00bb0px||60px||false|false\u00a0\u00bb custom_padding_phone=\u00a0\u00bb0px||60px||false|false\u00a0\u00bb locked=\u00a0\u00bboff\u00a0\u00bb global_colors_info=\u00a0\u00bb{}\u00a0\u00bb][et_pb_row column_structure=\u00a0\u00bb1_2,1_2&Prime; use_custom_gutter=\u00a0\u00bbon\u00a0\u00bb gutter_width=\u00a0\u00bb1&Prime; make_equal=\u00a0\u00bbon\u00a0\u00bb custom_padding_last_edited=\u00a0\u00bbon|tablet\u00a0\u00bb _builder_version=\u00a0\u00bb4.27.0&Prime; _module_preset=\u00a0\u00bbdefault\u00a0\u00bb width=\u00a0\u00bb90%\u00a0\u00bb width_tablet=\u00a0\u00bb90%\u00a0\u00bb width_phone=\u00a0\u00bb90%\u00a0\u00bb width_last_edited=\u00a0\u00bbon|tablet\u00a0\u00bb max_width_tablet=\u00a0\u00bb90%\u00a0\u00bb max_width_phone=\u00a0\u00bb90%\u00a0\u00bb max_width_last_edited=\u00a0\u00bboff|desktop\u00a0\u00bb custom_margin_tablet=\u00a0\u00bb\u00a0\u00bb custom_margin_phone=\u00a0\u00bb\u00a0\u00bb custom_margin_last_edited=\u00a0\u00bbon|tablet\u00a0\u00bb custom_padding=\u00a0\u00bb0px||0px||true|false\u00a0\u00bb custom_padding_tablet=\u00a0\u00bb0px||0px||true|false\u00a0\u00bb custom_padding_phone=\u00a0\u00bb0px||0px||true|false\u00a0\u00bb hover_enabled=\u00a0\u00bb0&Prime; global_colors_info=\u00a0\u00bb{}\u00a0\u00bb sticky_enabled=\u00a0\u00bb0&Prime;][et_pb_column type=\u00a0\u00bb1_2&Prime; _builder_version=\u00a0\u00bb4.27.0&Prime; _module_preset=\u00a0\u00bbdefault\u00a0\u00bb custom_padding=\u00a0\u00bb90px||100px||false|false\u00a0\u00bb animation_direction=\u00a0\u00bbleft\u00a0\u00bb global_colors_info=\u00a0\u00bb{}\u00a0\u00bb][et_pb_text _builder_version=\u00a0\u00bb4.27.0&Prime; text_font=\u00a0\u00bbPoppins|600||on|||||\u00a0\u00bb text_text_color=\u00a0\u00bb#100C08&Prime; text_font_size=\u00a0\u00bb13px\u00a0\u00bb text_letter_spacing=\u00a0\u00bb1px\u00a0\u00bb text_line_height=\u00a0\u00bb1em\u00a0\u00bb custom_margin=\u00a0\u00bb5px||||false|false\u00a0\u00bb custom_margin_tablet=\u00a0\u00bb70px||||false|false\u00a0\u00bb custom_margin_phone=\u00a0\u00bb60px||||false|false\u00a0\u00bb custom_margin_last_edited=\u00a0\u00bbon|phone\u00a0\u00bb locked=\u00a0\u00bboff\u00a0\u00bb global_colors_info=\u00a0\u00bb{}\u00a0\u00bb]<\/p>\n<p>Groupe Atrium Construction<\/p>\n<p>[\/et_pb_text][et_pb_text _builder_version=\u00a0\u00bb4.27.0&Prime; _module_preset=\u00a0\u00bbdefault\u00a0\u00bb header_font=\u00a0\u00bbPoppins|700|||||||\u00a0\u00bb header_text_align=\u00a0\u00bbleft\u00a0\u00bb header_text_color=\u00a0\u00bb#000000&Prime; header_font_size=\u00a0\u00bb40px\u00a0\u00bb header_line_height=\u00a0\u00bb1.1em\u00a0\u00bb header_2_font_size=\u00a0\u00bb35px\u00a0\u00bb custom_margin=\u00a0\u00bb15px||||false|false\u00a0\u00bb header_font_size_tablet=\u00a0\u00bb\u00a0\u00bb header_font_size_phone=\u00a0\u00bb30px\u00a0\u00bb header_font_size_last_edited=\u00a0\u00bbon|phone\u00a0\u00bb global_colors_info=\u00a0\u00bb{}\u00a0\u00bb]<\/p>\n<h2><span style=\"color: #fbb81d;\"><span style=\"color: #100c08;\">ENTREPRENEUR G\u00c9N\u00c9RAL<\/span> CONSTRUCTION<\/span><\/h2>\n<p>[\/et_pb_text][et_pb_text _builder_version=\u00a0\u00bb4.27.0&Prime; _module_preset=\u00a0\u00bbdefault\u00a0\u00bb text_font=\u00a0\u00bbPoppins||||||||\u00a0\u00bb text_text_color=\u00a0\u00bb#100C08&Prime; text_font_size=\u00a0\u00bb15px\u00a0\u00bb text_line_height=\u00a0\u00bb1.8em\u00a0\u00bb width=\u00a0\u00bb100%\u00a0\u00bb module_alignment=\u00a0\u00bbleft\u00a0\u00bb custom_margin=\u00a0\u00bb15px||||false|false\u00a0\u00bb global_colors_info=\u00a0\u00bb{}\u00a0\u00bb]<\/p>\n<p>Le Groupe Atrium Construction est une \u00e9quipe jeune, passionn\u00e9e et cr\u00e9ative, d\u00e9di\u00e9e \u00e0 offrir des services professionnels et personnalis\u00e9s dans le domaine de la construction.<\/p>\n<p>Chaque projet, qu\u2019il soit r\u00e9sidentiel ou commercial, est pour nous l\u2019occasion de d\u00e9passer vos attentes gr\u00e2ce \u00e0 notre approche sur mesure. Nous croyons fermement que la transparence est la cl\u00e9 d\u2019une collaboration r\u00e9ussie, c\u2019est pourquoi nous travaillons toujours avec clart\u00e9 et ouverture envers nos clients.<\/p>\n<p>[\/et_pb_text][\/et_pb_column][et_pb_column type=\u00a0\u00bb1_2&Prime; _builder_version=\u00a0\u00bb4.27.0&Prime; _module_preset=\u00a0\u00bbdefault\u00a0\u00bb background_image=\u00a0\u00bbhttps:\/\/atriumconstruction.ca\/wp-content\/uploads\/2024\/12\/logo-photo-atrium-construction.jpg\u00a0\u00bb background_position=\u00a0\u00bbcenter_right\u00a0\u00bb custom_padding_tablet=\u00a0\u00bb\u00a0\u00bb custom_padding_phone=\u00a0\u00bb\u00a0\u00bb custom_padding_last_edited=\u00a0\u00bbon|tablet\u00a0\u00bb animation_direction=\u00a0\u00bbright\u00a0\u00bb hover_enabled=\u00a0\u00bb0&Prime; global_colors_info=\u00a0\u00bb{}\u00a0\u00bb title_text=\u00a0\u00bblogo-photo-atrium-construction\u00a0\u00bb sticky_enabled=\u00a0\u00bb0&Prime;][et_pb_divider show_divider=\u00a0\u00bboff\u00a0\u00bb _builder_version=\u00a0\u00bb4.16&Prime; _module_preset=\u00a0\u00bbdefault\u00a0\u00bb custom_padding_tablet=\u00a0\u00bb30%||30%||false|false\u00a0\u00bb custom_padding_phone=\u00a0\u00bb40%||40%||true|false\u00a0\u00bb custom_padding_last_edited=\u00a0\u00bbon|phone\u00a0\u00bb global_colors_info=\u00a0\u00bb{}\u00a0\u00bb][\/et_pb_divider][\/et_pb_column][\/et_pb_row][\/et_pb_section][et_pb_section fb_built=\u00a0\u00bb1&Prime; _builder_version=\u00a0\u00bb4.16&Prime; _module_preset=\u00a0\u00bbdefault\u00a0\u00bb custom_padding=\u00a0\u00bb100px||100px||true|false\u00a0\u00bb global_colors_info=\u00a0\u00bb{}\u00a0\u00bb][et_pb_row column_structure=\u00a0\u00bb1_2,1_2&Prime; make_equal=\u00a0\u00bbon\u00a0\u00bb _builder_version=\u00a0\u00bb4.27.0&Prime; width=\u00a0\u00bb90%\u00a0\u00bb width_tablet=\u00a0\u00bb90%\u00a0\u00bb width_phone=\u00a0\u00bb90%\u00a0\u00bb width_last_edited=\u00a0\u00bbon|tablet\u00a0\u00bb max_width_tablet=\u00a0\u00bb\u00a0\u00bb max_width_phone=\u00a0\u00bb\u00a0\u00bb max_width_last_edited=\u00a0\u00bbon|desktop\u00a0\u00bb custom_padding=\u00a0\u00bb0px||0px||true|false\u00a0\u00bb global_colors_info=\u00a0\u00bb{}\u00a0\u00bb][et_pb_column type=\u00a0\u00bb1_2&Prime; _builder_version=\u00a0\u00bb4.16&Prime; background_color=\u00a0\u00bb#383838&Prime; custom_padding=\u00a0\u00bb20px|20px|20px|20px|true|true\u00a0\u00bb border_color_all=\u00a0\u00bb#ffffff\u00a0\u00bb global_colors_info=\u00a0\u00bb{}\u00a0\u00bb][et_pb_blurb title=\u00a0\u00bb16&Prime; use_icon=\u00a0\u00bbon\u00a0\u00bb content_max_width=\u00a0\u00bb100%\u00a0\u00bb _builder_version=\u00a0\u00bb4.16&Prime; header_font=\u00a0\u00bbPoppins|700|||||||\u00a0\u00bb header_text_align=\u00a0\u00bbcenter\u00a0\u00bb header_text_color=\u00a0\u00bb#ffffff\u00a0\u00bb header_font_size=\u00a0\u00bb180px\u00a0\u00bb header_letter_spacing=\u00a0\u00bb-1px\u00a0\u00bb body_font=\u00a0\u00bbPoppins||||||||\u00a0\u00bb body_text_align=\u00a0\u00bbcenter\u00a0\u00bb body_text_color=\u00a0\u00bb#ffffff\u00a0\u00bb body_font_size=\u00a0\u00bb12px\u00a0\u00bb body_letter_spacing=\u00a0\u00bb3.9px\u00a0\u00bb body_line_height=\u00a0\u00bb0em\u00a0\u00bb custom_padding=\u00a0\u00bb100px||125px||false|false\u00a0\u00bb animation=\u00a0\u00bboff\u00a0\u00bb header_font_size_tablet=\u00a0\u00bb\u00a0\u00bb header_font_size_phone=\u00a0\u00bb100px\u00a0\u00bb header_font_size_last_edited=\u00a0\u00bbon|phone\u00a0\u00bb body_letter_spacing_tablet=\u00a0\u00bb\u00a0\u00bb body_letter_spacing_phone=\u00a0\u00bb2px\u00a0\u00bb body_letter_spacing_last_edited=\u00a0\u00bbon|phone\u00a0\u00bb border_width_all=\u00a0\u00bb1px\u00a0\u00bb border_color_all=\u00a0\u00bb#ffffff\u00a0\u00bb global_colors_info=\u00a0\u00bb{}\u00a0\u00bb]<\/p>\n<p>ANS D&rsquo;EXP\u00c9RIENCE<\/p>\n<p>[\/et_pb_blurb][\/et_pb_column][et_pb_column type=\u00a0\u00bb1_2&Prime; _builder_version=\u00a0\u00bb4.27.0&Prime; custom_padding=\u00a0\u00bb15px|||0px|false|false\u00a0\u00bb custom_padding_tablet=\u00a0\u00bb\u00a0\u00bb custom_padding_phone=\u00a0\u00bb|0px|||false|false\u00a0\u00bb custom_padding_last_edited=\u00a0\u00bbon|phone\u00a0\u00bb global_colors_info=\u00a0\u00bb{}\u00a0\u00bb][et_pb_text _builder_version=\u00a0\u00bb4.27.0&Prime; text_font=\u00a0\u00bbPoppins|600||on|||||\u00a0\u00bb text_text_color=\u00a0\u00bb#100C08&Prime; text_font_size=\u00a0\u00bb13px\u00a0\u00bb text_letter_spacing=\u00a0\u00bb1px\u00a0\u00bb text_line_height=\u00a0\u00bb1em\u00a0\u00bb custom_margin=\u00a0\u00bb5px||||false|false\u00a0\u00bb custom_margin_tablet=\u00a0\u00bb70px||||false|false\u00a0\u00bb custom_margin_phone=\u00a0\u00bb60px||||false|false\u00a0\u00bb custom_margin_last_edited=\u00a0\u00bbon|phone\u00a0\u00bb global_colors_info=\u00a0\u00bb{}\u00a0\u00bb]<\/p>\n<p>Groupe Atrium Construction<\/p>\n<p>[\/et_pb_text][et_pb_text _builder_version=\u00a0\u00bb4.16&Prime; header_font=\u00a0\u00bbPoppins|700|||||||\u00a0\u00bb header_text_align=\u00a0\u00bbleft\u00a0\u00bb header_text_color=\u00a0\u00bb#000000&Prime; header_font_size=\u00a0\u00bb40px\u00a0\u00bb header_line_height=\u00a0\u00bb1.1em\u00a0\u00bb header_2_font_size=\u00a0\u00bb35px\u00a0\u00bb width=\u00a0\u00bb99.9%\u00a0\u00bb custom_margin=\u00a0\u00bb15px||||false|false\u00a0\u00bb header_font_size_tablet=\u00a0\u00bb40px\u00a0\u00bb header_font_size_phone=\u00a0\u00bb30px\u00a0\u00bb header_font_size_last_edited=\u00a0\u00bbon|phone\u00a0\u00bb global_colors_info=\u00a0\u00bb{}\u00a0\u00bb]<\/p>\n<h2>NOTRE MISSION : OFFRIR UN SERVICE DE <span style=\"color: #fbb81d;\">QUALIT\u00c9\u00a0\u00a0<\/span><\/h2>\n<p>[\/et_pb_text][et_pb_text _builder_version=\u00a0\u00bb4.27.0&Prime; text_font=\u00a0\u00bbPoppins||||||||\u00a0\u00bb text_text_color=\u00a0\u00bb#100C08&Prime; text_font_size=\u00a0\u00bb15px\u00a0\u00bb text_line_height=\u00a0\u00bb1.8em\u00a0\u00bb module_alignment=\u00a0\u00bbleft\u00a0\u00bb custom_margin=\u00a0\u00bb15px||||false|false\u00a0\u00bb global_colors_info=\u00a0\u00bb{}\u00a0\u00bb]<\/p>\n<p>Notre mission est simple : changer la donne dans l\u2019industrie de la construction en red\u00e9finissant les standards du service et en vous offrant une exp\u00e9rience incomparable. Qu\u2019il s\u2019agisse d\u2019un petit ou d\u2019un grand projet, nous mettons notre expertise et notre cr\u00e9ativit\u00e9 \u00e0 votre service pour vous offrir des r\u00e9sultats exceptionnels.<\/p>\n<p>[\/et_pb_text][et_pb_button button_url=\u00a0\u00bb@ET-DC@eyJkeW5hbWljIjp0cnVlLCJjb250ZW50IjoicG9zdF9saW5rX3VybF9wYWdlIiwic2V0dGluZ3MiOnsicG9zdF9pZCI6IjIyOTgyNSJ9fQ==@\u00a0\u00bb button_text=\u00a0\u00bbD\u00e9couvrir nos services\u00a0\u00bb button_alignment=\u00a0\u00bbleft\u00a0\u00bb button_alignment_tablet=\u00a0\u00bb\u00a0\u00bb button_alignment_phone=\u00a0\u00bbleft\u00a0\u00bb button_alignment_last_edited=\u00a0\u00bbon|tablet\u00a0\u00bb disabled_on=\u00a0\u00bboff|off|off\u00a0\u00bb _builder_version=\u00a0\u00bb4.27.0&Prime; _dynamic_attributes=\u00a0\u00bbbutton_url\u00a0\u00bb custom_button=\u00a0\u00bbon\u00a0\u00bb button_text_size=\u00a0\u00bb14px\u00a0\u00bb button_text_color=\u00a0\u00bb#FFFFFF\u00a0\u00bb button_bg_color=\u00a0\u00bb#FBB81D\u00a0\u00bb button_border_width=\u00a0\u00bb1px\u00a0\u00bb button_border_color=\u00a0\u00bb#ffffff\u00a0\u00bb button_border_radius=\u00a0\u00bb0px\u00a0\u00bb button_letter_spacing=\u00a0\u00bb0px\u00a0\u00bb button_font=\u00a0\u00bbPoppins|600||on|||||\u00a0\u00bb button_use_icon=\u00a0\u00bboff\u00a0\u00bb background_layout=\u00a0\u00bbdark\u00a0\u00bb custom_margin=\u00a0\u00bb40px||||false|false\u00a0\u00bb custom_margin_tablet=\u00a0\u00bb\u00a0\u00bb custom_margin_phone=\u00a0\u00bb0px||||false|false\u00a0\u00bb custom_margin_last_edited=\u00a0\u00bbon|phone\u00a0\u00bb custom_padding=\u00a0\u00bb12px|37px|12px|37px|true|true\u00a0\u00bb locked=\u00a0\u00bboff\u00a0\u00bb global_colors_info=\u00a0\u00bb{}\u00a0\u00bb button_text_color__hover_enabled=\u00a0\u00bbon|hover\u00a0\u00bb button_text_color__hover=\u00a0\u00bb#FBB81D\u00a0\u00bb button_bg_color__hover_enabled=\u00a0\u00bbon|hover\u00a0\u00bb button_bg_color__hover=\u00a0\u00bb#FFFFFF\u00a0\u00bb button_bg_enable_color__hover=\u00a0\u00bbon\u00a0\u00bb button_border_color__hover_enabled=\u00a0\u00bbon|desktop\u00a0\u00bb button_border_color__hover=\u00a0\u00bb#100C08&Prime; button_letter_spacing__hover_enabled=\u00a0\u00bbon|desktop\u00a0\u00bb button_letter_spacing__hover=\u00a0\u00bb0px\u00a0\u00bb][\/et_pb_button][\/et_pb_column][\/et_pb_row][\/et_pb_section]<\/p>\n","protected":false},"excerpt":{"rendered":"<p>GROUPE ATRIUM CONSTRUCTION\u00c0 PROPOSGroupe Atrium ConstructionENTREPRENEUR G\u00c9N\u00c9RAL CONSTRUCTIONLe Groupe Atrium Construction est une \u00e9quipe jeune, passionn\u00e9e et cr\u00e9ative, d\u00e9di\u00e9e \u00e0 offrir des services professionnels et personnalis\u00e9s dans le domaine de la construction. Chaque projet, qu\u2019il soit r\u00e9sidentiel ou commercial, est pour nous l\u2019occasion de d\u00e9passer vos attentes gr\u00e2ce \u00e0 notre approche sur mesure. Nous croyons [&hellip;]<\/p>\n","protected":false},"author":1,"featured_media":0,"parent":0,"menu_order":0,"comment_status":"closed","ping_status":"closed","template":"","meta":{"_et_pb_use_builder":"on","_et_pb_old_content":"","_et_gb_content_width":"","_monsterinsights_skip_tracking":false,"_monsterinsights_sitenote_active":false,"_monsterinsights_sitenote_note":"","_monsterinsights_sitenote_category":0,"footnotes":""},"class_list":["post-229823","page","type-page","status-publish","hentry"],"yoast_head":"<!-- This site is optimized with the Yoast SEO plugin v27.4 - https:\/\/yoast.com\/product\/yoast-seo-wordpress\/ -->\n<title>Entrepreneur en Construction | Atrium Construction | \u00c0 propos<\/title>\n<meta name=\"description\" content=\"Atrium Construction est une \u00e9quipe jeune et cr\u00e9ative, d\u00e9di\u00e9e \u00e0 offrir des services professionnels dans le domaine de la construction.\" \/>\n<meta name=\"robots\" content=\"index, follow, max-snippet:-1, max-image-preview:large, max-video-preview:-1\" \/>\n<link rel=\"canonical\" href=\"https:\/\/atriumconstruction.ca\/en\/a-propos\/\" \/>\n<meta property=\"og:locale\" content=\"en_US\" \/>\n<meta property=\"og:type\" content=\"article\" \/>\n<meta property=\"og:title\" content=\"Entrepreneur en Construction | Atrium Construction | \u00c0 propos\" \/>\n<meta property=\"og:description\" content=\"Atrium Construction est une \u00e9quipe jeune et cr\u00e9ative, d\u00e9di\u00e9e \u00e0 offrir des services professionnels dans le domaine de la construction.\" \/>\n<meta property=\"og:url\" content=\"https:\/\/atriumconstruction.ca\/en\/a-propos\/\" \/>\n<meta property=\"og:site_name\" content=\"Groupe Atrium Construction\" \/>\n<meta property=\"article:modified_time\" content=\"2024-12-17T13:04:11+00:00\" \/>\n<meta property=\"og:image\" content=\"https:\/\/atriumconstruction.ca\/wp-content\/uploads\/2024\/11\/yoast_social_share_atrium.jpg\" \/>\n\t<meta property=\"og:image:width\" content=\"1200\" \/>\n\t<meta property=\"og:image:height\" content=\"675\" \/>\n\t<meta property=\"og:image:type\" content=\"image\/jpeg\" \/>\n<meta name=\"twitter:card\" content=\"summary_large_image\" \/>\n<meta name=\"twitter:title\" content=\"Entrepreneur en Construction | Atrium Construction | \u00c0 propos\" \/>\n<meta name=\"twitter:description\" content=\"Atrium Construction est une \u00e9quipe jeune et cr\u00e9ative, d\u00e9di\u00e9e \u00e0 offrir des services professionnels dans le domaine de la construction.\" \/>\n<meta name=\"twitter:image\" content=\"https:\/\/atriumconstruction.ca\/wp-content\/uploads\/2024\/11\/yoast_social_share_atrium.jpg\" \/>\n<meta name=\"twitter:label1\" content=\"Est. reading time\" \/>\n\t<meta name=\"twitter:data1\" content=\"1 minute\" \/>\n<script type=\"application\/ld+json\" class=\"yoast-schema-graph\">{\"@context\":\"https:\\\/\\\/schema.org\",\"@graph\":[{\"@type\":\"WebPage\",\"@id\":\"https:\\\/\\\/atriumconstruction.ca\\\/a-propos\\\/\",\"url\":\"https:\\\/\\\/atriumconstruction.ca\\\/a-propos\\\/\",\"name\":\"Entrepreneur en Construction | Atrium Construction | \u00c0 propos\",\"isPartOf\":{\"@id\":\"https:\\\/\\\/atriumconstruction.ca\\\/#website\"},\"datePublished\":\"2024-09-28T23:27:40+00:00\",\"dateModified\":\"2024-12-17T13:04:11+00:00\",\"description\":\"Atrium Construction est une \u00e9quipe jeune et cr\u00e9ative, d\u00e9di\u00e9e \u00e0 offrir des services professionnels dans le domaine de la construction.\",\"breadcrumb\":{\"@id\":\"https:\\\/\\\/atriumconstruction.ca\\\/a-propos\\\/#breadcrumb\"},\"inLanguage\":\"en-CA\",\"potentialAction\":[{\"@type\":\"ReadAction\",\"target\":[\"https:\\\/\\\/atriumconstruction.ca\\\/a-propos\\\/\"]}]},{\"@type\":\"BreadcrumbList\",\"@id\":\"https:\\\/\\\/atriumconstruction.ca\\\/a-propos\\\/#breadcrumb\",\"itemListElement\":[{\"@type\":\"ListItem\",\"position\":1,\"name\":\"Home\",\"item\":\"https:\\\/\\\/atriumconstruction.ca\\\/\"},{\"@type\":\"ListItem\",\"position\":2,\"name\":\"\u00c0 propos\"}]},{\"@type\":\"WebSite\",\"@id\":\"https:\\\/\\\/atriumconstruction.ca\\\/#website\",\"url\":\"https:\\\/\\\/atriumconstruction.ca\\\/\",\"name\":\"Groupe Atrium Construction\",\"description\":\"Entrepreneur contruction\",\"publisher\":{\"@id\":\"https:\\\/\\\/atriumconstruction.ca\\\/#organization\"},\"potentialAction\":[{\"@type\":\"SearchAction\",\"target\":{\"@type\":\"EntryPoint\",\"urlTemplate\":\"https:\\\/\\\/atriumconstruction.ca\\\/?s={search_term_string}\"},\"query-input\":{\"@type\":\"PropertyValueSpecification\",\"valueRequired\":true,\"valueName\":\"search_term_string\"}}],\"inLanguage\":\"en-CA\"},{\"@type\":\"Organization\",\"@id\":\"https:\\\/\\\/atriumconstruction.ca\\\/#organization\",\"name\":\"Groupe Atrium Construction\",\"url\":\"https:\\\/\\\/atriumconstruction.ca\\\/\",\"logo\":{\"@type\":\"ImageObject\",\"inLanguage\":\"en-CA\",\"@id\":\"https:\\\/\\\/atriumconstruction.ca\\\/#\\\/schema\\\/logo\\\/image\\\/\",\"url\":\"https:\\\/\\\/atriumconstruction.ca\\\/wp-content\\\/uploads\\\/2024\\\/09\\\/logo_horizontal_noir-jaune_GAC.png\",\"contentUrl\":\"https:\\\/\\\/atriumconstruction.ca\\\/wp-content\\\/uploads\\\/2024\\\/09\\\/logo_horizontal_noir-jaune_GAC.png\",\"width\":1000,\"height\":400,\"caption\":\"Groupe Atrium Construction\"},\"image\":{\"@id\":\"https:\\\/\\\/atriumconstruction.ca\\\/#\\\/schema\\\/logo\\\/image\\\/\"}}]}<\/script>\n<!-- \/ Yoast SEO plugin. -->","yoast_head_json":{"title":"Entrepreneur en Construction | Atrium Construction | \u00c0 propos","description":"Atrium Construction est une \u00e9quipe jeune et cr\u00e9ative, d\u00e9di\u00e9e \u00e0 offrir des services professionnels dans le domaine de la construction.","robots":{"index":"index","follow":"follow","max-snippet":"max-snippet:-1","max-image-preview":"max-image-preview:large","max-video-preview":"max-video-preview:-1"},"canonical":"https:\/\/atriumconstruction.ca\/en\/a-propos\/","og_locale":"en_US","og_type":"article","og_title":"Entrepreneur en Construction | Atrium Construction | \u00c0 propos","og_description":"Atrium Construction est une \u00e9quipe jeune et cr\u00e9ative, d\u00e9di\u00e9e \u00e0 offrir des services professionnels dans le domaine de la construction.","og_url":"https:\/\/atriumconstruction.ca\/en\/a-propos\/","og_site_name":"Groupe Atrium Construction","article_modified_time":"2024-12-17T13:04:11+00:00","og_image":[{"width":1200,"height":675,"url":"https:\/\/atriumconstruction.ca\/wp-content\/uploads\/2024\/11\/yoast_social_share_atrium.jpg","type":"image\/jpeg"}],"twitter_card":"summary_large_image","twitter_title":"Entrepreneur en Construction | Atrium Construction | \u00c0 propos","twitter_description":"Atrium Construction est une \u00e9quipe jeune et cr\u00e9ative, d\u00e9di\u00e9e \u00e0 offrir des services professionnels dans le domaine de la construction.","twitter_image":"https:\/\/atriumconstruction.ca\/wp-content\/uploads\/2024\/11\/yoast_social_share_atrium.jpg","twitter_misc":{"Est. reading time":"1 minute"},"schema":{"@context":"https:\/\/schema.org","@graph":[{"@type":"WebPage","@id":"https:\/\/atriumconstruction.ca\/a-propos\/","url":"https:\/\/atriumconstruction.ca\/a-propos\/","name":"Entrepreneur en Construction | Atrium Construction | \u00c0 propos","isPartOf":{"@id":"https:\/\/atriumconstruction.ca\/#website"},"datePublished":"2024-09-28T23:27:40+00:00","dateModified":"2024-12-17T13:04:11+00:00","description":"Atrium Construction est une \u00e9quipe jeune et cr\u00e9ative, d\u00e9di\u00e9e \u00e0 offrir des services professionnels dans le domaine de la construction.","breadcrumb":{"@id":"https:\/\/atriumconstruction.ca\/a-propos\/#breadcrumb"},"inLanguage":"en-CA","potentialAction":[{"@type":"ReadAction","target":["https:\/\/atriumconstruction.ca\/a-propos\/"]}]},{"@type":"BreadcrumbList","@id":"https:\/\/atriumconstruction.ca\/a-propos\/#breadcrumb","itemListElement":[{"@type":"ListItem","position":1,"name":"Home","item":"https:\/\/atriumconstruction.ca\/"},{"@type":"ListItem","position":2,"name":"\u00c0 propos"}]},{"@type":"WebSite","@id":"https:\/\/atriumconstruction.ca\/#website","url":"https:\/\/atriumconstruction.ca\/","name":"Groupe Atrium Construction","description":"Entrepreneur contruction","publisher":{"@id":"https:\/\/atriumconstruction.ca\/#organization"},"potentialAction":[{"@type":"SearchAction","target":{"@type":"EntryPoint","urlTemplate":"https:\/\/atriumconstruction.ca\/?s={search_term_string}"},"query-input":{"@type":"PropertyValueSpecification","valueRequired":true,"valueName":"search_term_string"}}],"inLanguage":"en-CA"},{"@type":"Organization","@id":"https:\/\/atriumconstruction.ca\/#organization","name":"Groupe Atrium Construction","url":"https:\/\/atriumconstruction.ca\/","logo":{"@type":"ImageObject","inLanguage":"en-CA","@id":"https:\/\/atriumconstruction.ca\/#\/schema\/logo\/image\/","url":"https:\/\/atriumconstruction.ca\/wp-content\/uploads\/2024\/09\/logo_horizontal_noir-jaune_GAC.png","contentUrl":"https:\/\/atriumconstruction.ca\/wp-content\/uploads\/2024\/09\/logo_horizontal_noir-jaune_GAC.png","width":1000,"height":400,"caption":"Groupe Atrium Construction"},"image":{"@id":"https:\/\/atriumconstruction.ca\/#\/schema\/logo\/image\/"}}]}},"_links":{"self":[{"href":"https:\/\/atriumconstruction.ca\/en\/wp-json\/wp\/v2\/pages\/229823","targetHints":{"allow":["GET"]}}],"collection":[{"href":"https:\/\/atriumconstruction.ca\/en\/wp-json\/wp\/v2\/pages"}],"about":[{"href":"https:\/\/atriumconstruction.ca\/en\/wp-json\/wp\/v2\/types\/page"}],"author":[{"embeddable":true,"href":"https:\/\/atriumconstruction.ca\/en\/wp-json\/wp\/v2\/users\/1"}],"replies":[{"embeddable":true,"href":"https:\/\/atriumconstruction.ca\/en\/wp-json\/wp\/v2\/comments?post=229823"}],"version-history":[{"count":15,"href":"https:\/\/atriumconstruction.ca\/en\/wp-json\/wp\/v2\/pages\/229823\/revisions"}],"predecessor-version":[{"id":230391,"href":"https:\/\/atriumconstruction.ca\/en\/wp-json\/wp\/v2\/pages\/229823\/revisions\/230391"}],"wp:attachment":[{"href":"https:\/\/atriumconstruction.ca\/en\/wp-json\/wp\/v2\/media?parent=229823"}],"curies":[{"name":"wp","href":"https:\/\/api.w.org\/{rel}","templated":true}]}}