{"id":230045,"date":"2024-10-01T22:39:23","date_gmt":"2024-10-02T02:39:23","guid":{"rendered":"https:\/\/atriumconstruction.ca\/?page_id=230045"},"modified":"2024-12-16T23:57:08","modified_gmt":"2024-12-17T03:57:08","slug":"renovation-residentielle","status":"publish","type":"page","link":"https:\/\/atriumconstruction.ca\/en\/renovation-residentielle\/","title":{"rendered":"Renovations"},"content":{"rendered":"<p>[et_pb_section fb_built=\u00a0\u00bb1&Prime; _builder_version=\u00a0\u00bb4.27.0&Prime; background_color=\u00a0\u00bb#383838&Prime; height=\u00a0\u00bb450px\u00a0\u00bb custom_padding=\u00a0\u00bb||||true|false\u00a0\u00bb bottom_divider_height=\u00a0\u00bb66px\u00a0\u00bb hover_enabled=\u00a0\u00bb0&Prime; global_colors_info=\u00a0\u00bb{}\u00a0\u00bb title_text=\u00a0\u00bbbanniere_pages_atrium-construction\u00a0\u00bb background_image=\u00a0\u00bbhttps:\/\/atriumconstruction.ca\/wp-content\/uploads\/2024\/12\/banniere_pages_atrium-construction.jpg\u00a0\u00bb sticky_enabled=\u00a0\u00bb0&Prime;][et_pb_row _builder_version=\u00a0\u00bb4.27.0&Prime; custom_css_free_form=\u00a0\u00bb.selector {||  display: flex;||  align-items: center;||  justify-content: center;||  height: 100%;||}\u00a0\u00bb global_colors_info=\u00a0\u00bb{}\u00a0\u00bb][et_pb_column type=\u00a0\u00bb4_4&Prime; _builder_version=\u00a0\u00bb4.16&Prime; custom_padding=\u00a0\u00bb|||\u00a0\u00bb global_colors_info=\u00a0\u00bb{}\u00a0\u00bb custom_padding__hover=\u00a0\u00bb|||\u00a0\u00bb][et_pb_text _builder_version=\u00a0\u00bb4.27.0&Prime; text_font=\u00a0\u00bbPoppins||||||||\u00a0\u00bb text_font_size=\u00a0\u00bb15px\u00a0\u00bb header_font=\u00a0\u00bbPoppins|600||on|||||\u00a0\u00bb header_text_align=\u00a0\u00bbleft\u00a0\u00bb header_text_color=\u00a0\u00bb#ffffff\u00a0\u00bb header_font_size=\u00a0\u00bb14px\u00a0\u00bb header_line_height=\u00a0\u00bb1.3em\u00a0\u00bb header_font_size_tablet=\u00a0\u00bb\u00a0\u00bb header_font_size_phone=\u00a0\u00bb14px\u00a0\u00bb header_font_size_last_edited=\u00a0\u00bbon|phone\u00a0\u00bb global_colors_info=\u00a0\u00bb{}\u00a0\u00bb]<\/p>\n<h1>GROUPE ATRIUM CONSTRUCTION<\/h1>\n<p>[\/et_pb_text][et_pb_text _builder_version=\u00a0\u00bb4.27.0&Prime; text_font=\u00a0\u00bbNunito||||||||\u00a0\u00bb text_font_size=\u00a0\u00bb15px\u00a0\u00bb header_font=\u00a0\u00bbPoppins|700||on|||||\u00a0\u00bb header_text_align=\u00a0\u00bbleft\u00a0\u00bb header_text_color=\u00a0\u00bb#ffffff\u00a0\u00bb header_font_size=\u00a0\u00bb40px\u00a0\u00bb header_line_height=\u00a0\u00bb1.3em\u00a0\u00bb max_width=\u00a0\u00bb553px\u00a0\u00bb custom_margin=\u00a0\u00bb-28px|||\u00a0\u00bb header_font_size_tablet=\u00a0\u00bb\u00a0\u00bb header_font_size_phone=\u00a0\u00bb25px\u00a0\u00bb header_font_size_last_edited=\u00a0\u00bbon|phone\u00a0\u00bb global_colors_info=\u00a0\u00bb{}\u00a0\u00bb]<\/p>\n<h1>R\u00c9NOVATIONS<\/h1>\n<p>[\/et_pb_text][et_pb_button button_url=\u00a0\u00bb@ET-DC@eyJkeW5hbWljIjp0cnVlLCJjb250ZW50IjoicG9zdF9saW5rX3VybF9wYWdlIiwic2V0dGluZ3MiOnsicG9zdF9pZCI6IjIyOTgzMSJ9fQ==@\u00a0\u00bb button_text=\u00a0\u00bbSOUMISSION\u00a0\u00bb button_alignment=\u00a0\u00bbleft\u00a0\u00bb _builder_version=\u00a0\u00bb4.27.0&Prime; _dynamic_attributes=\u00a0\u00bbbutton_url\u00a0\u00bb custom_button=\u00a0\u00bbon\u00a0\u00bb button_text_size=\u00a0\u00bb14px\u00a0\u00bb button_text_color=\u00a0\u00bb#FBB81D\u00a0\u00bb button_bg_color=\u00a0\u00bb#FFFFFF\u00a0\u00bb button_border_width=\u00a0\u00bb1px\u00a0\u00bb button_border_color=\u00a0\u00bb#FFFFFF\u00a0\u00bb button_border_radius=\u00a0\u00bb0px\u00a0\u00bb button_letter_spacing=\u00a0\u00bb1px\u00a0\u00bb button_font=\u00a0\u00bbPoppins|600||on|||||\u00a0\u00bb button_use_icon=\u00a0\u00bboff\u00a0\u00bb custom_margin=\u00a0\u00bb||\u00a0\u00bb custom_padding=\u00a0\u00bb17px|30px|17px|30px|true|true\u00a0\u00bb global_colors_info=\u00a0\u00bb{}\u00a0\u00bb button_bg_color__hover_enabled=\u00a0\u00bbon|desktop\u00a0\u00bb button_bg_color__hover=\u00a0\u00bb#FBB81D\u00a0\u00bb button_letter_spacing__hover_enabled=\u00a0\u00bbon\u00a0\u00bb button_letter_spacing__hover=\u00a0\u00bb2px\u00a0\u00bb button_border_color__hover_enabled=\u00a0\u00bbon|hover\u00a0\u00bb button_border_color__hover=\u00a0\u00bb#FBB81D\u00a0\u00bb button_text_color__hover_enabled=\u00a0\u00bbon|desktop\u00a0\u00bb button_text_color__hover=\u00a0\u00bb#FFFFFF\u00a0\u00bb button_bg_enable_color__hover=\u00a0\u00bbon\u00a0\u00bb][\/et_pb_button][\/et_pb_column][\/et_pb_row][\/et_pb_section][et_pb_section fb_built=\u00a0\u00bb1&Prime; admin_label=\u00a0\u00bbsection\u00a0\u00bb _builder_version=\u00a0\u00bb4.27.0&Prime; custom_margin_tablet=\u00a0\u00bb\u00a0\u00bb custom_margin_phone=\u00a0\u00bb\u00a0\u00bb custom_margin_last_edited=\u00a0\u00bbon|phone\u00a0\u00bb custom_padding=\u00a0\u00bb100px||50px||false|false\u00a0\u00bb locked=\u00a0\u00bboff\u00a0\u00bb global_colors_info=\u00a0\u00bb{}\u00a0\u00bb][et_pb_row column_structure=\u00a0\u00bb1_2,1_2&Prime; use_custom_gutter=\u00a0\u00bbon\u00a0\u00bb gutter_width=\u00a0\u00bb2&Prime; make_equal=\u00a0\u00bbon\u00a0\u00bb admin_label=\u00a0\u00bbrow\u00a0\u00bb _builder_version=\u00a0\u00bb4.27.0&Prime; background_size=\u00a0\u00bbinitial\u00a0\u00bb background_position=\u00a0\u00bbtop_left\u00a0\u00bb background_repeat=\u00a0\u00bbrepeat\u00a0\u00bb width=\u00a0\u00bb90%\u00a0\u00bb width_tablet=\u00a0\u00bb90%\u00a0\u00bb width_phone=\u00a0\u00bb90%\u00a0\u00bb width_last_edited=\u00a0\u00bbon|desktop\u00a0\u00bb max_width_tablet=\u00a0\u00bb90%\u00a0\u00bb max_width_phone=\u00a0\u00bb90%\u00a0\u00bb max_width_last_edited=\u00a0\u00bboff|desktop\u00a0\u00bb custom_padding=\u00a0\u00bb0px||0px||false|false\u00a0\u00bb global_colors_info=\u00a0\u00bb{}\u00a0\u00bb][et_pb_column type=\u00a0\u00bb1_2&Prime; _builder_version=\u00a0\u00bb4.16&Prime; custom_padding=\u00a0\u00bb|||\u00a0\u00bb global_colors_info=\u00a0\u00bb{}\u00a0\u00bb custom_padding__hover=\u00a0\u00bb|||\u00a0\u00bb][et_pb_image src=\u00a0\u00bbhttps:\/\/atriumconstruction.ca\/wp-content\/uploads\/2024\/12\/renovation-maison-cuisine.jpg\u00a0\u00bb title_text=\u00a0\u00bbrenovation-maison-cuisine\u00a0\u00bb _builder_version=\u00a0\u00bb4.27.0&Prime; max_width=\u00a0\u00bb490px\u00a0\u00bb module_alignment=\u00a0\u00bbleft\u00a0\u00bb hover_enabled=\u00a0\u00bb0&Prime; box_shadow_style=\u00a0\u00bbpreset1&Prime; box_shadow_vertical=\u00a0\u00bb10px\u00a0\u00bb box_shadow_blur=\u00a0\u00bb80px\u00a0\u00bb box_shadow_color=\u00a0\u00bbrgba(158,158,158,0.3)\u00a0\u00bb global_colors_info=\u00a0\u00bb{}\u00a0\u00bb sticky_enabled=\u00a0\u00bb0&Prime;][\/et_pb_image][\/et_pb_column][et_pb_column type=\u00a0\u00bb1_2&Prime; _builder_version=\u00a0\u00bb4.18.0&Prime; custom_padding=\u00a0\u00bb60px||||false|false\u00a0\u00bb global_colors_info=\u00a0\u00bb{}\u00a0\u00bb custom_padding__hover=\u00a0\u00bb|||\u00a0\u00bb][et_pb_text _builder_version=\u00a0\u00bb4.27.0&Prime; text_font=\u00a0\u00bbPoppins|600||on|||||\u00a0\u00bb text_text_color=\u00a0\u00bb#100C08&Prime; text_font_size=\u00a0\u00bb13px\u00a0\u00bb text_letter_spacing=\u00a0\u00bb1px\u00a0\u00bb text_line_height=\u00a0\u00bb1em\u00a0\u00bb custom_margin=\u00a0\u00bb5px||||false|false\u00a0\u00bb custom_margin_tablet=\u00a0\u00bb70px||||false|false\u00a0\u00bb custom_margin_phone=\u00a0\u00bb60px||||false|false\u00a0\u00bb custom_margin_last_edited=\u00a0\u00bbon|phone\u00a0\u00bb global_colors_info=\u00a0\u00bb{}\u00a0\u00bb]<\/p>\n<p>Entrepreneur en r\u00e9novation<\/p>\n<p>[\/et_pb_text][et_pb_text _builder_version=\u00a0\u00bb4.27.0&Prime; header_2_font_size=\u00a0\u00bb35px\u00a0\u00bb header_4_font=\u00a0\u00bbPoppins|700|||||||\u00a0\u00bb header_4_text_align=\u00a0\u00bbleft\u00a0\u00bb header_4_text_color=\u00a0\u00bb#1b1a1a\u00a0\u00bb header_4_font_size=\u00a0\u00bb35px\u00a0\u00bb header_4_letter_spacing=\u00a0\u00bb-1px\u00a0\u00bb header_4_line_height=\u00a0\u00bb1.3em\u00a0\u00bb custom_margin=\u00a0\u00bb-1px||||false|false\u00a0\u00bb custom_margin_tablet=\u00a0\u00bb-16px||||false|false\u00a0\u00bb custom_margin_phone=\u00a0\u00bb-16px||||false|false\u00a0\u00bb custom_margin_last_edited=\u00a0\u00bbon|phone\u00a0\u00bb header_4_font_size_tablet=\u00a0\u00bb\u00a0\u00bb header_4_font_size_phone=\u00a0\u00bb30px\u00a0\u00bb header_4_font_size_last_edited=\u00a0\u00bbon|phone\u00a0\u00bb global_colors_info=\u00a0\u00bb{}\u00a0\u00bb]<\/p>\n<h2>VOTRE PROJET <span style=\"color: #fbb81d;\"><span style=\"color: #100c08;\">DE<\/span> R\u00c9NOVATION<\/span><\/h2>\n<p>[\/et_pb_text][et_pb_text _builder_version=\u00a0\u00bb4.27.0&Prime; text_font=\u00a0\u00bb&#8211;et_global_body_font||||||||\u00a0\u00bb text_text_color=\u00a0\u00bb#100C08&Prime; text_font_size=\u00a0\u00bb15px\u00a0\u00bb text_line_height=\u00a0\u00bb1.8em\u00a0\u00bb custom_margin=\u00a0\u00bb-1px||||false|false\u00a0\u00bb custom_margin_tablet=\u00a0\u00bb-11px||||false|false\u00a0\u00bb custom_margin_phone=\u00a0\u00bb-21px||||false|false\u00a0\u00bb custom_margin_last_edited=\u00a0\u00bbon|phone\u00a0\u00bb global_colors_info=\u00a0\u00bb{}\u00a0\u00bb]<\/p>\n<p>Le service de r\u00e9novation du Groupe Atrium Construction est con\u00e7u pour redonner vie \u00e0 votre espace, qu\u2019il s\u2019agisse d\u2019une seule pi\u00e8ce ou de l\u2019ensemble de votre domicile. Ce service est parfait pour les propri\u00e9taires qui souhaitent moderniser leur maison, augmenter sa valeur ou simplement la rendre plus fonctionnelle au quotidien.<\/p>\n<p>Les r\u00e9novations offrent de nombreux avantages : elles permettent de personnaliser votre espace selon vos go\u00fbts et besoins, d\u2019am\u00e9liorer l\u2019efficacit\u00e9 \u00e9nerg\u00e9tique, de r\u00e9soudre des probl\u00e8mes structurels et d\u2019augmenter le confort de votre maison.<\/p>\n<p>&nbsp;<\/p>\n<p>[\/et_pb_text][\/et_pb_column][\/et_pb_row][\/et_pb_section][et_pb_section fb_built=\u00a0\u00bb1&Prime; specialty=\u00a0\u00bbon\u00a0\u00bb custom_padding_last_edited=\u00a0\u00bbon|tablet\u00a0\u00bb _builder_version=\u00a0\u00bb4.27.0&Prime; inner_width_tablet=\u00a0\u00bb90%\u00a0\u00bb inner_width_phone=\u00a0\u00bb90%\u00a0\u00bb inner_width_last_edited=\u00a0\u00bbon|tablet\u00a0\u00bb inner_max_width_tablet=\u00a0\u00bbnone\u00a0\u00bb inner_max_width_phone=\u00a0\u00bb90%\u00a0\u00bb inner_max_width_last_edited=\u00a0\u00bbon|tablet\u00a0\u00bb min_height_tablet=\u00a0\u00bb\u00a0\u00bb min_height_phone=\u00a0\u00bb\u00a0\u00bb min_height_last_edited=\u00a0\u00bbon|tablet\u00a0\u00bb height_tablet=\u00a0\u00bb\u00a0\u00bb height_phone=\u00a0\u00bb\u00a0\u00bb height_last_edited=\u00a0\u00bbon|tablet\u00a0\u00bb max_height_tablet=\u00a0\u00bbnone\u00a0\u00bb max_height_phone=\u00a0\u00bbnone\u00a0\u00bb max_height_last_edited=\u00a0\u00bbon|tablet\u00a0\u00bb custom_margin=\u00a0\u00bb20px||||false|false\u00a0\u00bb custom_margin_tablet=\u00a0\u00bb-80px||||false|false\u00a0\u00bb custom_margin_phone=\u00a0\u00bb-80px||||false|false\u00a0\u00bb custom_margin_last_edited=\u00a0\u00bbon|phone\u00a0\u00bb custom_padding=\u00a0\u00bb80px||80px||true|\u00a0\u00bb custom_padding_tablet=\u00a0\u00bb80px||80px||true|false\u00a0\u00bb custom_padding_phone=\u00a0\u00bb80px||40px||false|false\u00a0\u00bb locked=\u00a0\u00bboff\u00a0\u00bb global_colors_info=\u00a0\u00bb{}\u00a0\u00bb][et_pb_column type=\u00a0\u00bb1_2&Prime; _builder_version=\u00a0\u00bb4.16&Prime; custom_padding=\u00a0\u00bb|||\u00a0\u00bb global_colors_info=\u00a0\u00bb{}\u00a0\u00bb custom_padding__hover=\u00a0\u00bb|||\u00a0\u00bb][et_pb_text _builder_version=\u00a0\u00bb4.27.0&Prime; header_font=\u00a0\u00bbPoppins|700||on|||||\u00a0\u00bb header_text_color=\u00a0\u00bb#181724&Prime; header_font_size=\u00a0\u00bb35px\u00a0\u00bb header_line_height=\u00a0\u00bb1.2em\u00a0\u00bb header_2_font_size=\u00a0\u00bb35px\u00a0\u00bb custom_margin=\u00a0\u00bb40px||||false|false\u00a0\u00bb header_font_size_tablet=\u00a0\u00bb\u00a0\u00bb header_font_size_phone=\u00a0\u00bb25px\u00a0\u00bb header_font_size_last_edited=\u00a0\u00bbon|desktop\u00a0\u00bb global_colors_info=\u00a0\u00bb{}\u00a0\u00bb]<\/p>\n<h2>R\u00c9NOVEZ ET TRANSFORMEZ VOTRE <span style=\"color: #fbb81d;\">MAISON<\/span><\/h2>\n<p>[\/et_pb_text][et_pb_divider color=\u00a0\u00bb#000000&Prime; divider_weight=\u00a0\u00bb4px\u00a0\u00bb _builder_version=\u00a0\u00bb4.16&Prime; max_width=\u00a0\u00bb60px\u00a0\u00bb module_alignment=\u00a0\u00bbleft\u00a0\u00bb custom_margin=\u00a0\u00bb-9px||\u00a0\u00bb custom_margin_tablet=\u00a0\u00bb-22px||16px\u00a0\u00bb custom_margin_phone=\u00a0\u00bb-24px||15px\u00a0\u00bb custom_margin_last_edited=\u00a0\u00bbon|tablet\u00a0\u00bb global_colors_info=\u00a0\u00bb{}\u00a0\u00bb][\/et_pb_divider][et_pb_text _builder_version=\u00a0\u00bb4.27.0&Prime; text_font=\u00a0\u00bb&#8211;et_global_body_font||||||||\u00a0\u00bb text_text_color=\u00a0\u00bb#171724&Prime; text_font_size=\u00a0\u00bb15px\u00a0\u00bb text_line_height=\u00a0\u00bb1.8em\u00a0\u00bb max_width=\u00a0\u00bb445px\u00a0\u00bb max_width_tablet=\u00a0\u00bb100%\u00a0\u00bb max_width_phone=\u00a0\u00bb\u00a0\u00bb max_width_last_edited=\u00a0\u00bbon|desktop\u00a0\u00bb custom_margin=\u00a0\u00bb30px||||false|false\u00a0\u00bb custom_padding=\u00a0\u00bb|||||true\u00a0\u00bb text_text_align=\u00a0\u00bbleft\u00a0\u00bb global_colors_info=\u00a0\u00bb{}\u00a0\u00bb]<\/p>\n<p>Chez Groupe Atrium Construction, nous croyons que chaque projet de r\u00e9novation est une opportunit\u00e9 de cr\u00e9er quelque chose d\u2019unique. Nous travaillons en \u00e9troite collaboration avec vous, de la planification \u00e0 la r\u00e9alisation, pour nous assurer que chaque d\u00e9tail est \u00e0 la hauteur de vos attentes. Faites confiance \u00e0 notre expertise pour transformer votre maison en un espace o\u00f9 il fait bon vivre.<\/p>\n<p>&nbsp;<\/p>\n<p>[\/et_pb_text][et_pb_button button_url=\u00a0\u00bb@ET-DC@eyJkeW5hbWljIjp0cnVlLCJjb250ZW50IjoicG9zdF9saW5rX3VybF9wYWdlIiwic2V0dGluZ3MiOnsicG9zdF9pZCI6IjIyOTgzMSJ9fQ==@\u00a0\u00bb button_text=\u00a0\u00bbSoumission gratuite\u00a0\u00bb button_alignment=\u00a0\u00bbleft\u00a0\u00bb button_alignment_tablet=\u00a0\u00bbleft\u00a0\u00bb button_alignment_phone=\u00a0\u00bbcenter\u00a0\u00bb button_alignment_last_edited=\u00a0\u00bbon|phone\u00a0\u00bb disabled_on=\u00a0\u00bbon|on|off\u00a0\u00bb _builder_version=\u00a0\u00bb4.27.0&Prime; _dynamic_attributes=\u00a0\u00bbbutton_url\u00a0\u00bb custom_button=\u00a0\u00bbon\u00a0\u00bb button_text_size=\u00a0\u00bb14px\u00a0\u00bb button_text_color=\u00a0\u00bb#FFFFFF\u00a0\u00bb button_bg_color=\u00a0\u00bb#FBB81D\u00a0\u00bb button_border_width=\u00a0\u00bb1px\u00a0\u00bb button_border_color=\u00a0\u00bb#ffffff\u00a0\u00bb button_border_radius=\u00a0\u00bb0px\u00a0\u00bb button_letter_spacing=\u00a0\u00bb0px\u00a0\u00bb button_font=\u00a0\u00bbPoppins|600||on|||||\u00a0\u00bb button_use_icon=\u00a0\u00bboff\u00a0\u00bb background_layout=\u00a0\u00bbdark\u00a0\u00bb custom_padding=\u00a0\u00bb12px|37px|12px|37px|true|true\u00a0\u00bb global_colors_info=\u00a0\u00bb{}\u00a0\u00bb button_text_color__hover_enabled=\u00a0\u00bbon|hover\u00a0\u00bb button_text_color__hover=\u00a0\u00bb#FBB81D\u00a0\u00bb button_bg_color__hover_enabled=\u00a0\u00bbon|hover\u00a0\u00bb button_bg_color__hover=\u00a0\u00bb#FFFFFF\u00a0\u00bb button_bg_enable_color__hover=\u00a0\u00bbon\u00a0\u00bb button_letter_spacing__hover_enabled=\u00a0\u00bbon|desktop\u00a0\u00bb button_border_color__hover_enabled=\u00a0\u00bbon|desktop\u00a0\u00bb button_border_color__hover=\u00a0\u00bb#100C08&Prime; button_letter_spacing__hover=\u00a0\u00bb0px\u00a0\u00bb][\/et_pb_button][\/et_pb_column][et_pb_column type=\u00a0\u00bb1_2&Prime; specialty_columns=\u00a0\u00bb2&Prime; _builder_version=\u00a0\u00bb4.16&Prime; custom_padding=\u00a0\u00bb|||\u00a0\u00bb global_colors_info=\u00a0\u00bb{}\u00a0\u00bb custom_padding__hover=\u00a0\u00bb|||\u00a0\u00bb][et_pb_row_inner _builder_version=\u00a0\u00bb4.27.0&Prime; _module_preset=\u00a0\u00bbdefault\u00a0\u00bb][et_pb_column_inner saved_specialty_column_type=\u00a0\u00bb1_2&Prime; _builder_version=\u00a0\u00bb4.27.0&Prime; _module_preset=\u00a0\u00bbdefault\u00a0\u00bb][et_pb_image src=\u00a0\u00bbhttps:\/\/atriumconstruction.ca\/wp-content\/uploads\/2024\/12\/renovation-maison-salle-de-bain.jpg\u00a0\u00bb _builder_version=\u00a0\u00bb4.27.0&Prime; _module_preset=\u00a0\u00bbdefault\u00a0\u00bb title_text=\u00a0\u00bbrenovation-maison-salle-de-bain\u00a0\u00bb hover_enabled=\u00a0\u00bb0&Prime; sticky_enabled=\u00a0\u00bb0&Prime;][\/et_pb_image][\/et_pb_column_inner][\/et_pb_row_inner][\/et_pb_column][\/et_pb_section]<\/p>\n","protected":false},"excerpt":{"rendered":"<p>GROUPE ATRIUM CONSTRUCTIONR\u00c9NOVATIONSEntrepreneur en r\u00e9novationVOTRE PROJET DE R\u00c9NOVATIONLe service de r\u00e9novation du Groupe Atrium Construction est con\u00e7u pour redonner vie \u00e0 votre espace, qu\u2019il s\u2019agisse d\u2019une seule pi\u00e8ce ou de l\u2019ensemble de votre domicile. Ce service est parfait pour les propri\u00e9taires qui souhaitent moderniser leur maison, augmenter sa valeur ou simplement la rendre plus fonctionnelle [&hellip;]<\/p>\n","protected":false},"author":1,"featured_media":0,"parent":0,"menu_order":0,"comment_status":"closed","ping_status":"closed","template":"","meta":{"_et_pb_use_builder":"on","_et_pb_old_content":"","_et_gb_content_width":"","_monsterinsights_skip_tracking":false,"_monsterinsights_sitenote_active":false,"_monsterinsights_sitenote_note":"","_monsterinsights_sitenote_category":0,"footnotes":""},"class_list":["post-230045","page","type-page","status-publish","hentry"],"yoast_head":"<!-- This site is optimized with the Yoast SEO plugin v27.4 - https:\/\/yoast.com\/product\/yoast-seo-wordpress\/ -->\n<title>Entrepreneur | Atrium Construction | R\u00e9novation r\u00e9sidentielle<\/title>\n<meta name=\"description\" content=\"Le service de r\u00e9novation d&#039;Atrium Construction est con\u00e7u pour redonner vie \u00e0 votre espace, qu\u2019il s\u2019agisse d\u2019une seule pi\u00e8ce ou de votre maison enti\u00e8re.\" \/>\n<meta name=\"robots\" content=\"index, follow, max-snippet:-1, max-image-preview:large, max-video-preview:-1\" \/>\n<link rel=\"canonical\" href=\"https:\/\/atriumconstruction.ca\/en\/renovation-residentielle\/\" \/>\n<meta property=\"og:locale\" content=\"en_US\" \/>\n<meta property=\"og:type\" content=\"article\" \/>\n<meta property=\"og:title\" content=\"Entrepreneur | Atrium Construction | R\u00e9novation r\u00e9sidentielle\" \/>\n<meta property=\"og:description\" content=\"Le service de r\u00e9novation d&#039;Atrium Construction est con\u00e7u pour redonner vie \u00e0 votre espace, qu\u2019il s\u2019agisse d\u2019une seule pi\u00e8ce ou de votre maison enti\u00e8re.\" \/>\n<meta property=\"og:url\" content=\"https:\/\/atriumconstruction.ca\/en\/renovation-residentielle\/\" \/>\n<meta property=\"og:site_name\" content=\"Groupe Atrium Construction\" \/>\n<meta property=\"article:modified_time\" content=\"2024-12-17T03:57:08+00:00\" \/>\n<meta property=\"og:image\" content=\"https:\/\/atriumconstruction.ca\/wp-content\/uploads\/2024\/11\/yoast_social_share_atrium.jpg\" \/>\n\t<meta property=\"og:image:width\" content=\"1200\" \/>\n\t<meta property=\"og:image:height\" content=\"675\" \/>\n\t<meta property=\"og:image:type\" content=\"image\/jpeg\" \/>\n<meta name=\"twitter:card\" content=\"summary_large_image\" \/>\n<meta name=\"twitter:title\" content=\"Entrepreneur | Atrium Construction | R\u00e9novation r\u00e9sidentielle\" \/>\n<meta name=\"twitter:description\" content=\"Le service de r\u00e9novation d&#039;Atrium Construction est con\u00e7u pour redonner vie \u00e0 votre espace, qu\u2019il s\u2019agisse d\u2019une seule pi\u00e8ce ou de votre maison enti\u00e8re.\" \/>\n<meta name=\"twitter:image\" content=\"https:\/\/atriumconstruction.ca\/wp-content\/uploads\/2024\/11\/yoast_social_share_atrium.jpg\" \/>\n<meta name=\"twitter:label1\" content=\"Est. reading time\" \/>\n\t<meta name=\"twitter:data1\" content=\"2 minutes\" \/>\n<script type=\"application\/ld+json\" class=\"yoast-schema-graph\">{\"@context\":\"https:\\\/\\\/schema.org\",\"@graph\":[{\"@type\":\"WebPage\",\"@id\":\"https:\\\/\\\/atriumconstruction.ca\\\/renovation-residentielle\\\/\",\"url\":\"https:\\\/\\\/atriumconstruction.ca\\\/renovation-residentielle\\\/\",\"name\":\"Entrepreneur | Atrium Construction | R\u00e9novation r\u00e9sidentielle\",\"isPartOf\":{\"@id\":\"https:\\\/\\\/atriumconstruction.ca\\\/#website\"},\"datePublished\":\"2024-10-02T02:39:23+00:00\",\"dateModified\":\"2024-12-17T03:57:08+00:00\",\"description\":\"Le service de r\u00e9novation d'Atrium Construction est con\u00e7u pour redonner vie \u00e0 votre espace, qu\u2019il s\u2019agisse d\u2019une seule pi\u00e8ce ou de votre maison enti\u00e8re.\",\"breadcrumb\":{\"@id\":\"https:\\\/\\\/atriumconstruction.ca\\\/renovation-residentielle\\\/#breadcrumb\"},\"inLanguage\":\"en-CA\",\"potentialAction\":[{\"@type\":\"ReadAction\",\"target\":[\"https:\\\/\\\/atriumconstruction.ca\\\/renovation-residentielle\\\/\"]}]},{\"@type\":\"BreadcrumbList\",\"@id\":\"https:\\\/\\\/atriumconstruction.ca\\\/renovation-residentielle\\\/#breadcrumb\",\"itemListElement\":[{\"@type\":\"ListItem\",\"position\":1,\"name\":\"Home\",\"item\":\"https:\\\/\\\/atriumconstruction.ca\\\/\"},{\"@type\":\"ListItem\",\"position\":2,\"name\":\"R\u00e9novations\"}]},{\"@type\":\"WebSite\",\"@id\":\"https:\\\/\\\/atriumconstruction.ca\\\/#website\",\"url\":\"https:\\\/\\\/atriumconstruction.ca\\\/\",\"name\":\"Groupe Atrium Construction\",\"description\":\"Entrepreneur contruction\",\"publisher\":{\"@id\":\"https:\\\/\\\/atriumconstruction.ca\\\/#organization\"},\"potentialAction\":[{\"@type\":\"SearchAction\",\"target\":{\"@type\":\"EntryPoint\",\"urlTemplate\":\"https:\\\/\\\/atriumconstruction.ca\\\/?s={search_term_string}\"},\"query-input\":{\"@type\":\"PropertyValueSpecification\",\"valueRequired\":true,\"valueName\":\"search_term_string\"}}],\"inLanguage\":\"en-CA\"},{\"@type\":\"Organization\",\"@id\":\"https:\\\/\\\/atriumconstruction.ca\\\/#organization\",\"name\":\"Groupe Atrium Construction\",\"url\":\"https:\\\/\\\/atriumconstruction.ca\\\/\",\"logo\":{\"@type\":\"ImageObject\",\"inLanguage\":\"en-CA\",\"@id\":\"https:\\\/\\\/atriumconstruction.ca\\\/#\\\/schema\\\/logo\\\/image\\\/\",\"url\":\"https:\\\/\\\/atriumconstruction.ca\\\/wp-content\\\/uploads\\\/2024\\\/09\\\/logo_horizontal_noir-jaune_GAC.png\",\"contentUrl\":\"https:\\\/\\\/atriumconstruction.ca\\\/wp-content\\\/uploads\\\/2024\\\/09\\\/logo_horizontal_noir-jaune_GAC.png\",\"width\":1000,\"height\":400,\"caption\":\"Groupe Atrium Construction\"},\"image\":{\"@id\":\"https:\\\/\\\/atriumconstruction.ca\\\/#\\\/schema\\\/logo\\\/image\\\/\"}}]}<\/script>\n<!-- \/ Yoast SEO plugin. -->","yoast_head_json":{"title":"Entrepreneur | Atrium Construction | R\u00e9novation r\u00e9sidentielle","description":"Le service de r\u00e9novation d'Atrium Construction est con\u00e7u pour redonner vie \u00e0 votre espace, qu\u2019il s\u2019agisse d\u2019une seule pi\u00e8ce ou de votre maison enti\u00e8re.","robots":{"index":"index","follow":"follow","max-snippet":"max-snippet:-1","max-image-preview":"max-image-preview:large","max-video-preview":"max-video-preview:-1"},"canonical":"https:\/\/atriumconstruction.ca\/en\/renovation-residentielle\/","og_locale":"en_US","og_type":"article","og_title":"Entrepreneur | Atrium Construction | R\u00e9novation r\u00e9sidentielle","og_description":"Le service de r\u00e9novation d'Atrium Construction est con\u00e7u pour redonner vie \u00e0 votre espace, qu\u2019il s\u2019agisse d\u2019une seule pi\u00e8ce ou de votre maison enti\u00e8re.","og_url":"https:\/\/atriumconstruction.ca\/en\/renovation-residentielle\/","og_site_name":"Groupe Atrium Construction","article_modified_time":"2024-12-17T03:57:08+00:00","og_image":[{"width":1200,"height":675,"url":"https:\/\/atriumconstruction.ca\/wp-content\/uploads\/2024\/11\/yoast_social_share_atrium.jpg","type":"image\/jpeg"}],"twitter_card":"summary_large_image","twitter_title":"Entrepreneur | Atrium Construction | R\u00e9novation r\u00e9sidentielle","twitter_description":"Le service de r\u00e9novation d'Atrium Construction est con\u00e7u pour redonner vie \u00e0 votre espace, qu\u2019il s\u2019agisse d\u2019une seule pi\u00e8ce ou de votre maison enti\u00e8re.","twitter_image":"https:\/\/atriumconstruction.ca\/wp-content\/uploads\/2024\/11\/yoast_social_share_atrium.jpg","twitter_misc":{"Est. reading time":"2 minutes"},"schema":{"@context":"https:\/\/schema.org","@graph":[{"@type":"WebPage","@id":"https:\/\/atriumconstruction.ca\/renovation-residentielle\/","url":"https:\/\/atriumconstruction.ca\/renovation-residentielle\/","name":"Entrepreneur | Atrium Construction | R\u00e9novation r\u00e9sidentielle","isPartOf":{"@id":"https:\/\/atriumconstruction.ca\/#website"},"datePublished":"2024-10-02T02:39:23+00:00","dateModified":"2024-12-17T03:57:08+00:00","description":"Le service de r\u00e9novation d'Atrium Construction est con\u00e7u pour redonner vie \u00e0 votre espace, qu\u2019il s\u2019agisse d\u2019une seule pi\u00e8ce ou de votre maison enti\u00e8re.","breadcrumb":{"@id":"https:\/\/atriumconstruction.ca\/renovation-residentielle\/#breadcrumb"},"inLanguage":"en-CA","potentialAction":[{"@type":"ReadAction","target":["https:\/\/atriumconstruction.ca\/renovation-residentielle\/"]}]},{"@type":"BreadcrumbList","@id":"https:\/\/atriumconstruction.ca\/renovation-residentielle\/#breadcrumb","itemListElement":[{"@type":"ListItem","position":1,"name":"Home","item":"https:\/\/atriumconstruction.ca\/"},{"@type":"ListItem","position":2,"name":"R\u00e9novations"}]},{"@type":"WebSite","@id":"https:\/\/atriumconstruction.ca\/#website","url":"https:\/\/atriumconstruction.ca\/","name":"Groupe Atrium Construction","description":"Entrepreneur contruction","publisher":{"@id":"https:\/\/atriumconstruction.ca\/#organization"},"potentialAction":[{"@type":"SearchAction","target":{"@type":"EntryPoint","urlTemplate":"https:\/\/atriumconstruction.ca\/?s={search_term_string}"},"query-input":{"@type":"PropertyValueSpecification","valueRequired":true,"valueName":"search_term_string"}}],"inLanguage":"en-CA"},{"@type":"Organization","@id":"https:\/\/atriumconstruction.ca\/#organization","name":"Groupe Atrium Construction","url":"https:\/\/atriumconstruction.ca\/","logo":{"@type":"ImageObject","inLanguage":"en-CA","@id":"https:\/\/atriumconstruction.ca\/#\/schema\/logo\/image\/","url":"https:\/\/atriumconstruction.ca\/wp-content\/uploads\/2024\/09\/logo_horizontal_noir-jaune_GAC.png","contentUrl":"https:\/\/atriumconstruction.ca\/wp-content\/uploads\/2024\/09\/logo_horizontal_noir-jaune_GAC.png","width":1000,"height":400,"caption":"Groupe Atrium Construction"},"image":{"@id":"https:\/\/atriumconstruction.ca\/#\/schema\/logo\/image\/"}}]}},"_links":{"self":[{"href":"https:\/\/atriumconstruction.ca\/en\/wp-json\/wp\/v2\/pages\/230045","targetHints":{"allow":["GET"]}}],"collection":[{"href":"https:\/\/atriumconstruction.ca\/en\/wp-json\/wp\/v2\/pages"}],"about":[{"href":"https:\/\/atriumconstruction.ca\/en\/wp-json\/wp\/v2\/types\/page"}],"author":[{"embeddable":true,"href":"https:\/\/atriumconstruction.ca\/en\/wp-json\/wp\/v2\/users\/1"}],"replies":[{"embeddable":true,"href":"https:\/\/atriumconstruction.ca\/en\/wp-json\/wp\/v2\/comments?post=230045"}],"version-history":[{"count":8,"href":"https:\/\/atriumconstruction.ca\/en\/wp-json\/wp\/v2\/pages\/230045\/revisions"}],"predecessor-version":[{"id":230377,"href":"https:\/\/atriumconstruction.ca\/en\/wp-json\/wp\/v2\/pages\/230045\/revisions\/230377"}],"wp:attachment":[{"href":"https:\/\/atriumconstruction.ca\/en\/wp-json\/wp\/v2\/media?parent=230045"}],"curies":[{"name":"wp","href":"https:\/\/api.w.org\/{rel}","templated":true}]}}