{"id":3,"date":"2018-07-27T16:54:44","date_gmt":"2018-07-27T21:54:44","guid":{"rendered":"http:\/\/wpbilingual-staging.whc.ca\/?page_id=3"},"modified":"2024-11-15T23:28:12","modified_gmt":"2024-11-16T03:28:12","slug":"politique-confidentialite","status":"publish","type":"page","link":"https:\/\/atriumconstruction.ca\/en\/politique-confidentialite\/","title":{"rendered":"Privacy Policy"},"content":{"rendered":"<p><strong>Privacy Policy<\/strong><br>Derni\u00e8re mise \u00e0 jour le 16-nov-2024<\/p>\n\n\n\n<p>Cette politique de confidentialit\u00e9 d\u00e9crit les politiques de Groupe Atrium Construction, courriel : <a href=\"mailto:info@atriumconstruction.ca\">info@atriumconstruction.ca<\/a>, t\u00e9l\u00e9phone : 514-518-8624 sur la collecte, l&rsquo;utilisation et la divulgation de vos informations que nous collectons lorsque vous utilisez notre site Web (<a href=\"https:\/\/atriumconstruction.ca\/en\/\">https:\/\/atriumconstruction.ca<\/a>). (le \u00ab Service \u00bb). En acc\u00e9dant ou en utilisant le Service, vous consentez \u00e0 la collecte, \u00e0 l&rsquo;utilisation et \u00e0 la divulgation de vos informations conform\u00e9ment \u00e0 la pr\u00e9sente politique de confidentialit\u00e9. Si vous n&rsquo;y consentez pas, veuillez ne pas acc\u00e9der ni utiliser le Service.<\/p>\n\n\n\n<p><br>Nous pouvons modifier cette politique de confidentialit\u00e9 \u00e0 tout moment sans pr\u00e9avis et publierons la politique de confidentialit\u00e9 r\u00e9vis\u00e9e sur le Service. La politique r\u00e9vis\u00e9e entrera en vigueur 180 jours \u00e0 compter de la publication de la politique r\u00e9vis\u00e9e sur le Service et votre acc\u00e8s ou utilisation continue du Service apr\u00e8s cette p\u00e9riode constituera votre acceptation de la politique de confidentialit\u00e9 r\u00e9vis\u00e9e. Nous vous recommandons donc de consulter r\u00e9guli\u00e8rement cette page.<\/p>\n\n\n\n<p><strong>Informations que nous collectons :<\/strong><br>Nous collecterons et traiterons les informations personnelles suivantes vous concernant :<\/p>\n\n\n\n<ul class=\"wp-block-list\">\n<li>Name<\/li>\n\n\n\n<li>E-mail<\/li>\n\n\n\n<li>Mobile<\/li>\n\n\n\n<li>City<\/li>\n<\/ul>\n\n\n\n<p><strong>Comment nous utilisons vos informations :<\/strong><br>Nous utiliserons les informations que nous collectons \u00e0 votre sujet aux fins suivantes :<\/p>\n\n\n\n<ul class=\"wp-block-list\">\n<li>Marketing\/Promotion<\/li>\n\n\n\n<li>Assistance<\/li>\n\n\n\n<li>Informations administratives<\/li>\n\n\n\n<li>Publicit\u00e9 cibl\u00e9e<\/li>\n\n\n\n<li>Protection du site<br><br>Si nous souhaitons utiliser vos informations \u00e0 d&rsquo;autres fins, nous vous demanderons votre consentement et n&rsquo;utiliserons vos informations qu&rsquo;apr\u00e8s avoir re\u00e7u votre consentement et uniquement aux fins pour lesquelles vous avez donn\u00e9 votre consentement, sauf si nous sommes tenus de faire autrement par la loi.<\/li>\n<\/ul>\n\n\n\n<p><strong>Conservation de vos informations :<\/strong><br>Nous conserverons vos informations personnelles chez nous pendant 90 jours \u00e0 2 ans apr\u00e8s la r\u00e9siliation du compte de l&rsquo;utilisateur ou aussi longtemps que nous en aurons besoin pour atteindre les objectifs pour lesquels elles ont \u00e9t\u00e9 collect\u00e9es, comme indiqu\u00e9 dans la pr\u00e9sente politique de confidentialit\u00e9. Nous pouvons avoir besoin de conserver certaines informations pendant des p\u00e9riodes plus longues, par exemple pour la tenue de registres\/rapports conform\u00e9ment \u00e0 la loi applicable ou pour d&rsquo;autres raisons l\u00e9gitimes telles que l&rsquo;application de droits l\u00e9gaux, la pr\u00e9vention de la fraude, etc. Les informations anonymes r\u00e9siduelles et les informations agr\u00e9g\u00e9es, dont aucune ne vous identifie (directement ou indirectement), peuvent \u00eatre stock\u00e9es ind\u00e9finiment.<\/p>\n\n\n\n<p><strong>Vos droits :<\/strong><br>Selon la loi applicable, vous pouvez avoir le droit d&rsquo;acc\u00e9der \u00e0 vos donn\u00e9es personnelles et de les rectifier ou de les effacer ou de recevoir une copie de vos donn\u00e9es personnelles, de restreindre ou de vous opposer au traitement actif de vos donn\u00e9es, de nous demander de partager (transf\u00e9rer) vos informations personnelles \u00e0 une autre entit\u00e9, de retirer tout consentement que vous nous avez fourni pour traiter vos donn\u00e9es, le droit de d\u00e9poser une plainte aupr\u00e8s d&rsquo;une autorit\u00e9 statutaire et tout autre droit pouvant \u00eatre pertinent en vertu des lois applicables. Pour exercer ces droits, vous pouvez nous \u00e9crire \u00e0 <a href=\"mailto:info@atriumconstruction.ca\">info@atriumconstruction.ca<\/a>. Nous r\u00e9pondrons \u00e0 votre demande conform\u00e9ment \u00e0 la loi applicable.<\/p>\n\n\n\n<p><br>Veuillez noter que si vous ne nous autorisez pas \u00e0 recueillir ou \u00e0 traiter les informations personnelles requises ou si vous retirez votre consentement \u00e0 les traiter aux fins requises, vous ne pourrez peut-\u00eatre pas acc\u00e9der ou utiliser les services pour lesquels vos informations ont \u00e9t\u00e9 demand\u00e9es.<\/p>\n\n\n\n<p><strong>Cookies, etc.<\/strong><br>Pour en savoir plus sur la mani\u00e8re dont nous les utilisons et sur vos choix concernant ces technologies de suivi, veuillez vous r\u00e9f\u00e9rer \u00e0 notre politique relative aux cookies.<\/p>\n\n\n\n<p><strong>S\u00e9curit\u00e9 :<\/strong><br>La s\u00e9curit\u00e9 de vos informations est importante pour nous et nous utiliserons des mesures de s\u00e9curit\u00e9 raisonnables pour emp\u00eacher la perte, l&rsquo;utilisation abusive ou la modification non autoris\u00e9e de vos informations sous notre contr\u00f4le. Cependant, compte tenu des risques inh\u00e9rents, nous ne pouvons pas garantir une s\u00e9curit\u00e9 absolue et, par cons\u00e9quent, nous ne pouvons pas assurer ou garantir la s\u00e9curit\u00e9 des informations que vous nous transmettez et vous le faites \u00e0 vos propres risques.<\/p>\n\n\n\n<p><strong>Responsable des r\u00e9clamations \/ de la protection des donn\u00e9es :<\/strong><br>Si vous avez des questions ou des pr\u00e9occupations concernant le traitement de vos informations dont nous disposons, vous pouvez envoyer un courriel \u00e0 notre responsable des r\u00e9clamations au Groupe Atrium Construction : <a href=\"mailto:info@atriumconstruction.ca\">info@atriumconstruction.ca<\/a>. Nous r\u00e9pondrons \u00e0 vos pr\u00e9occupations conform\u00e9ment \u00e0 la loi applicable.<\/p>","protected":false},"excerpt":{"rendered":"<p>Politique de confidentialit\u00e9Derni\u00e8re mise \u00e0 jour le 16-nov-2024 Cette politique de confidentialit\u00e9 d\u00e9crit les politiques de Groupe Atrium Construction, courriel : info@atriumconstruction.ca, t\u00e9l\u00e9phone : 514-518-8624 sur la collecte, l&rsquo;utilisation et la divulgation de vos informations que nous collectons lorsque vous utilisez notre site Web (https:\/\/atriumconstruction.ca). (le \u00ab Service \u00bb). En acc\u00e9dant ou en utilisant le [&hellip;]<\/p>\n","protected":false},"author":1,"featured_media":0,"parent":0,"menu_order":0,"comment_status":"closed","ping_status":"closed","template":"","meta":{"_et_pb_use_builder":"","_et_pb_old_content":"","_et_gb_content_width":"","_monsterinsights_skip_tracking":false,"_monsterinsights_sitenote_active":false,"_monsterinsights_sitenote_note":"","_monsterinsights_sitenote_category":0,"footnotes":""},"class_list":["post-3","page","type-page","status-publish","hentry"],"yoast_head":"<!-- This site is optimized with the Yoast SEO plugin v27.4 - https:\/\/yoast.com\/product\/yoast-seo-wordpress\/ -->\n<title>Entrepreneur | Atrium Construction | Politique de Confidentialit\u00e9<\/title>\n<meta name=\"robots\" content=\"noindex, nofollow\" \/>\n<meta property=\"og:locale\" content=\"en_US\" \/>\n<meta property=\"og:type\" content=\"article\" \/>\n<meta property=\"og:title\" content=\"Entrepreneur | Atrium Construction | Politique de Confidentialit\u00e9\" \/>\n<meta property=\"og:description\" content=\"Politique de confidentialit\u00e9Derni\u00e8re mise \u00e0 jour le 16-nov-2024 Cette politique de confidentialit\u00e9 d\u00e9crit les politiques de Groupe Atrium Construction, courriel : info@atriumconstruction.ca, t\u00e9l\u00e9phone : 514-518-8624 sur la collecte, l&rsquo;utilisation et la divulgation de vos informations que nous collectons lorsque vous utilisez notre site Web (https:\/\/atriumconstruction.ca). (le \u00ab Service \u00bb). En acc\u00e9dant ou en utilisant le [&hellip;]\" \/>\n<meta property=\"og:url\" content=\"https:\/\/atriumconstruction.ca\/en\/politique-confidentialite\/\" \/>\n<meta property=\"og:site_name\" content=\"Groupe Atrium Construction\" \/>\n<meta property=\"article:modified_time\" content=\"2024-11-16T03:28:12+00:00\" \/>\n<meta name=\"twitter:card\" content=\"summary_large_image\" \/>\n<meta name=\"twitter:label1\" content=\"Est. reading time\" \/>\n\t<meta name=\"twitter:data1\" content=\"4 minutes\" \/>\n<script type=\"application\/ld+json\" class=\"yoast-schema-graph\">{\"@context\":\"https:\\\/\\\/schema.org\",\"@graph\":[{\"@type\":\"WebPage\",\"@id\":\"https:\\\/\\\/atriumconstruction.ca\\\/politique-confidentialite\\\/\",\"url\":\"https:\\\/\\\/atriumconstruction.ca\\\/politique-confidentialite\\\/\",\"name\":\"Entrepreneur | Atrium Construction | Politique de Confidentialit\u00e9\",\"isPartOf\":{\"@id\":\"https:\\\/\\\/atriumconstruction.ca\\\/#website\"},\"datePublished\":\"2018-07-27T21:54:44+00:00\",\"dateModified\":\"2024-11-16T03:28:12+00:00\",\"breadcrumb\":{\"@id\":\"https:\\\/\\\/atriumconstruction.ca\\\/politique-confidentialite\\\/#breadcrumb\"},\"inLanguage\":\"en-CA\",\"potentialAction\":[{\"@type\":\"ReadAction\",\"target\":[\"https:\\\/\\\/atriumconstruction.ca\\\/politique-confidentialite\\\/\"]}]},{\"@type\":\"BreadcrumbList\",\"@id\":\"https:\\\/\\\/atriumconstruction.ca\\\/politique-confidentialite\\\/#breadcrumb\",\"itemListElement\":[{\"@type\":\"ListItem\",\"position\":1,\"name\":\"Home\",\"item\":\"https:\\\/\\\/atriumconstruction.ca\\\/\"},{\"@type\":\"ListItem\",\"position\":2,\"name\":\"Politique de confidentialit\u00e9\"}]},{\"@type\":\"WebSite\",\"@id\":\"https:\\\/\\\/atriumconstruction.ca\\\/#website\",\"url\":\"https:\\\/\\\/atriumconstruction.ca\\\/\",\"name\":\"Groupe Atrium Construction\",\"description\":\"Entrepreneur contruction\",\"publisher\":{\"@id\":\"https:\\\/\\\/atriumconstruction.ca\\\/#organization\"},\"potentialAction\":[{\"@type\":\"SearchAction\",\"target\":{\"@type\":\"EntryPoint\",\"urlTemplate\":\"https:\\\/\\\/atriumconstruction.ca\\\/?s={search_term_string}\"},\"query-input\":{\"@type\":\"PropertyValueSpecification\",\"valueRequired\":true,\"valueName\":\"search_term_string\"}}],\"inLanguage\":\"en-CA\"},{\"@type\":\"Organization\",\"@id\":\"https:\\\/\\\/atriumconstruction.ca\\\/#organization\",\"name\":\"Groupe Atrium Construction\",\"url\":\"https:\\\/\\\/atriumconstruction.ca\\\/\",\"logo\":{\"@type\":\"ImageObject\",\"inLanguage\":\"en-CA\",\"@id\":\"https:\\\/\\\/atriumconstruction.ca\\\/#\\\/schema\\\/logo\\\/image\\\/\",\"url\":\"https:\\\/\\\/atriumconstruction.ca\\\/wp-content\\\/uploads\\\/2024\\\/09\\\/logo_horizontal_noir-jaune_GAC.png\",\"contentUrl\":\"https:\\\/\\\/atriumconstruction.ca\\\/wp-content\\\/uploads\\\/2024\\\/09\\\/logo_horizontal_noir-jaune_GAC.png\",\"width\":1000,\"height\":400,\"caption\":\"Groupe Atrium Construction\"},\"image\":{\"@id\":\"https:\\\/\\\/atriumconstruction.ca\\\/#\\\/schema\\\/logo\\\/image\\\/\"}}]}<\/script>\n<!-- \/ Yoast SEO plugin. -->","yoast_head_json":{"title":"Entrepreneur | Atrium Construction | Politique de Confidentialit\u00e9","robots":{"index":"noindex","follow":"nofollow"},"og_locale":"en_US","og_type":"article","og_title":"Entrepreneur | Atrium Construction | Politique de Confidentialit\u00e9","og_description":"Politique de confidentialit\u00e9Derni\u00e8re mise \u00e0 jour le 16-nov-2024 Cette politique de confidentialit\u00e9 d\u00e9crit les politiques de Groupe Atrium Construction, courriel : info@atriumconstruction.ca, t\u00e9l\u00e9phone : 514-518-8624 sur la collecte, l&rsquo;utilisation et la divulgation de vos informations que nous collectons lorsque vous utilisez notre site Web (https:\/\/atriumconstruction.ca). (le \u00ab Service \u00bb). En acc\u00e9dant ou en utilisant le [&hellip;]","og_url":"https:\/\/atriumconstruction.ca\/en\/politique-confidentialite\/","og_site_name":"Groupe Atrium Construction","article_modified_time":"2024-11-16T03:28:12+00:00","twitter_card":"summary_large_image","twitter_misc":{"Est. reading time":"4 minutes"},"schema":{"@context":"https:\/\/schema.org","@graph":[{"@type":"WebPage","@id":"https:\/\/atriumconstruction.ca\/politique-confidentialite\/","url":"https:\/\/atriumconstruction.ca\/politique-confidentialite\/","name":"Entrepreneur | Atrium Construction | Politique de Confidentialit\u00e9","isPartOf":{"@id":"https:\/\/atriumconstruction.ca\/#website"},"datePublished":"2018-07-27T21:54:44+00:00","dateModified":"2024-11-16T03:28:12+00:00","breadcrumb":{"@id":"https:\/\/atriumconstruction.ca\/politique-confidentialite\/#breadcrumb"},"inLanguage":"en-CA","potentialAction":[{"@type":"ReadAction","target":["https:\/\/atriumconstruction.ca\/politique-confidentialite\/"]}]},{"@type":"BreadcrumbList","@id":"https:\/\/atriumconstruction.ca\/politique-confidentialite\/#breadcrumb","itemListElement":[{"@type":"ListItem","position":1,"name":"Home","item":"https:\/\/atriumconstruction.ca\/"},{"@type":"ListItem","position":2,"name":"Politique de confidentialit\u00e9"}]},{"@type":"WebSite","@id":"https:\/\/atriumconstruction.ca\/#website","url":"https:\/\/atriumconstruction.ca\/","name":"Groupe Atrium Construction","description":"Entrepreneur contruction","publisher":{"@id":"https:\/\/atriumconstruction.ca\/#organization"},"potentialAction":[{"@type":"SearchAction","target":{"@type":"EntryPoint","urlTemplate":"https:\/\/atriumconstruction.ca\/?s={search_term_string}"},"query-input":{"@type":"PropertyValueSpecification","valueRequired":true,"valueName":"search_term_string"}}],"inLanguage":"en-CA"},{"@type":"Organization","@id":"https:\/\/atriumconstruction.ca\/#organization","name":"Groupe Atrium Construction","url":"https:\/\/atriumconstruction.ca\/","logo":{"@type":"ImageObject","inLanguage":"en-CA","@id":"https:\/\/atriumconstruction.ca\/#\/schema\/logo\/image\/","url":"https:\/\/atriumconstruction.ca\/wp-content\/uploads\/2024\/09\/logo_horizontal_noir-jaune_GAC.png","contentUrl":"https:\/\/atriumconstruction.ca\/wp-content\/uploads\/2024\/09\/logo_horizontal_noir-jaune_GAC.png","width":1000,"height":400,"caption":"Groupe Atrium Construction"},"image":{"@id":"https:\/\/atriumconstruction.ca\/#\/schema\/logo\/image\/"}}]}},"_links":{"self":[{"href":"https:\/\/atriumconstruction.ca\/en\/wp-json\/wp\/v2\/pages\/3","targetHints":{"allow":["GET"]}}],"collection":[{"href":"https:\/\/atriumconstruction.ca\/en\/wp-json\/wp\/v2\/pages"}],"about":[{"href":"https:\/\/atriumconstruction.ca\/en\/wp-json\/wp\/v2\/types\/page"}],"author":[{"embeddable":true,"href":"https:\/\/atriumconstruction.ca\/en\/wp-json\/wp\/v2\/users\/1"}],"replies":[{"embeddable":true,"href":"https:\/\/atriumconstruction.ca\/en\/wp-json\/wp\/v2\/comments?post=3"}],"version-history":[{"count":7,"href":"https:\/\/atriumconstruction.ca\/en\/wp-json\/wp\/v2\/pages\/3\/revisions"}],"predecessor-version":[{"id":230276,"href":"https:\/\/atriumconstruction.ca\/en\/wp-json\/wp\/v2\/pages\/3\/revisions\/230276"}],"wp:attachment":[{"href":"https:\/\/atriumconstruction.ca\/en\/wp-json\/wp\/v2\/media?parent=3"}],"curies":[{"name":"wp","href":"https:\/\/api.w.org\/{rel}","templated":true}]}}